{"id":53,"date":"2021-04-24T10:28:12","date_gmt":"2021-04-24T10:28:12","guid":{"rendered":"https:\/\/apdir.org\/?page_id=53"},"modified":"2023-05-15T16:48:37","modified_gmt":"2023-05-15T16:48:37","slug":"activitats","status":"publish","type":"page","link":"https:\/\/apdir.org\/?page_id=53","title":{"rendered":"ACTIVITATS"},"content":{"rendered":"\n<div style=\"height:85px\" aria-hidden=\"true\" class=\"wp-block-spacer\"><\/div>\n\n\n\n<h4 class=\"wp-block-heading has-accent-1-color has-text-color\">CASAL DE LLEURE SETMANAL DISSABTES<\/h4>\n\n\n<div class=\"wp-block-image\">\n<figure class=\"aligncenter size-full is-resized\"><img loading=\"lazy\" decoding=\"async\" src=\"https:\/\/apdir.org\/wp-content\/uploads\/2021\/09\/ejemplo-casal-disabtes3.jpg\" alt=\"\" class=\"wp-image-461\" width=\"530\" height=\"294\"\/><\/figure>\n<\/div>\n\n\n<h4 class=\"wp-block-heading has-accent-1-color has-text-color\">RESPIRS DE CAP DE SETMANA<\/h4>\n\n\n\n<p class=\"has-text-align-center\">Desde Apdir organitzem un Respir per a menors en Pineda de Mar els dies 27,28 i 29 de Maig 2023.<\/p>\n\n\n\n<p class=\"has-text-align-center\">Animeu-vos fam\u00edlies , ells s\u2019ho passaran molt b\u00e9 i els pares es mereixen un descans !<\/p>\n\n\n<div class=\"wp-block-image\">\n<figure class=\"aligncenter size-large\"><img loading=\"lazy\" decoding=\"async\" width=\"724\" height=\"1024\" src=\"https:\/\/apdir.org\/wp-content\/uploads\/2023\/05\/IMG-20230511-WA0004-724x1024.jpg\" alt=\"\" class=\"wp-image-528\" srcset=\"https:\/\/apdir.org\/wp-content\/uploads\/2023\/05\/IMG-20230511-WA0004-724x1024.jpg 724w, https:\/\/apdir.org\/wp-content\/uploads\/2023\/05\/IMG-20230511-WA0004-212x300.jpg 212w, https:\/\/apdir.org\/wp-content\/uploads\/2023\/05\/IMG-20230511-WA0004-768x1086.jpg 768w, https:\/\/apdir.org\/wp-content\/uploads\/2023\/05\/IMG-20230511-WA0004-1086x1536.jpg 1086w, https:\/\/apdir.org\/wp-content\/uploads\/2023\/05\/IMG-20230511-WA0004.jpg 1131w\" sizes=\"auto, (max-width: 724px) 100vw, 724px\" \/><\/figure>\n<\/div>\n\n\n<h4 class=\"wp-block-heading has-accent-1-color has-text-color\">TALLERS DE BALLS, JOCS, ETC<\/h4>\n\n\n\n<p class=\"has-text-align-center\">Cada dimecres a la tarda al local d\u2019Apdir ens reunim un grup de mares i pares per d\u2019aprendre joieria amb resina i altres manualitats amb la finalitat de recaptar fons destinats a projectes de col\u00f2nies, respirs, etc<\/p>\n\n\n\n<figure class=\"wp-block-image size-large\"><img loading=\"lazy\" decoding=\"async\" width=\"731\" height=\"1024\" src=\"https:\/\/apdir.org\/wp-content\/uploads\/2022\/12\/CARTEL-TALLER-RESINA-731x1024.jpg\" alt=\"\" class=\"wp-image-517\" srcset=\"https:\/\/apdir.org\/wp-content\/uploads\/2022\/12\/CARTEL-TALLER-RESINA-731x1024.jpg 731w, https:\/\/apdir.org\/wp-content\/uploads\/2022\/12\/CARTEL-TALLER-RESINA-214x300.jpg 214w, https:\/\/apdir.org\/wp-content\/uploads\/2022\/12\/CARTEL-TALLER-RESINA-768x1075.jpg 768w, https:\/\/apdir.org\/wp-content\/uploads\/2022\/12\/CARTEL-TALLER-RESINA-1097x1536.jpg 1097w, https:\/\/apdir.org\/wp-content\/uploads\/2022\/12\/CARTEL-TALLER-RESINA-1463x2048.jpg 1463w, https:\/\/apdir.org\/wp-content\/uploads\/2022\/12\/CARTEL-TALLER-RESINA-scaled.jpg 1828w\" sizes=\"auto, (max-width: 731px) 100vw, 731px\" \/><\/figure>\n\n\n\n<h4 class=\"wp-block-heading\">Classes de zumba<\/h4>\n\n\n\n<p>Dilluns de 17:30 h. a 18:30 h.<\/p>\n\n\n\n<p>APDIR    c\/ Grup 25 de Setembre 47 Local 3  Rub\u00ed<\/p>\n\n\n\n<p>M\u00e9s informaci\u00f3 tel\u00e8fons  693620239 &#8211; 686539451<\/p>\n\n\n\n<p>mail: deporte@demanoenmano.net<\/p>\n\n\n<div class=\"wp-block-image\">\n<figure class=\"aligncenter size-full is-resized\"><img loading=\"lazy\" decoding=\"async\" src=\"https:\/\/apdir.org\/wp-content\/uploads\/2021\/09\/tallerzumba.jpg\" alt=\"\" class=\"wp-image-341\" width=\"534\" height=\"435\"\/><\/figure>\n<\/div>\n\n\n<div style=\"height:72px\" aria-hidden=\"true\" class=\"wp-block-spacer\"><\/div>\n","protected":false},"excerpt":{"rendered":"<p>CASAL DE LLEURE SETMANAL DISSABTES RESPIRS DE CAP DE SETMANA Desde Apdir organitzem un Respir per a menors en Pineda de Mar els dies 27,28 &hellip;<\/p>\n","protected":false},"author":1,"featured_media":0,"parent":0,"menu_order":0,"comment_status":"closed","ping_status":"closed","template":"","meta":{"om_disable_all_campaigns":false,"_monsterinsights_skip_tracking":false,"_monsterinsights_sitenote_active":false,"_monsterinsights_sitenote_note":"","_monsterinsights_sitenote_category":0,"footnotes":""},"class_list":["post-53","page","type-page","status-publish","hentry"],"_links":{"self":[{"href":"https:\/\/apdir.org\/index.php?rest_route=\/wp\/v2\/pages\/53","targetHints":{"allow":["GET"]}}],"collection":[{"href":"https:\/\/apdir.org\/index.php?rest_route=\/wp\/v2\/pages"}],"about":[{"href":"https:\/\/apdir.org\/index.php?rest_route=\/wp\/v2\/types\/page"}],"author":[{"embeddable":true,"href":"https:\/\/apdir.org\/index.php?rest_route=\/wp\/v2\/users\/1"}],"replies":[{"embeddable":true,"href":"https:\/\/apdir.org\/index.php?rest_route=%2Fwp%2Fv2%2Fcomments&post=53"}],"version-history":[{"count":17,"href":"https:\/\/apdir.org\/index.php?rest_route=\/wp\/v2\/pages\/53\/revisions"}],"predecessor-version":[{"id":536,"href":"https:\/\/apdir.org\/index.php?rest_route=\/wp\/v2\/pages\/53\/revisions\/536"}],"wp:attachment":[{"href":"https:\/\/apdir.org\/index.php?rest_route=%2Fwp%2Fv2%2Fmedia&parent=53"}],"curies":[{"name":"wp","href":"https:\/\/api.w.org\/{rel}","templated":true}]}}