{"id":520,"date":"2022-12-02T09:45:45","date_gmt":"2022-12-02T09:45:45","guid":{"rendered":"https:\/\/apdir.org\/?page_id=520"},"modified":"2022-12-02T09:45:45","modified_gmt":"2022-12-02T09:45:45","slug":"3-desembre-dia-de-la-diversitat-funcional","status":"publish","type":"page","link":"https:\/\/apdir.org\/?page_id=520","title":{"rendered":"3 DESEMBRE &#8211; DIA DE LA DIVERSITAT FUNCIONAL"},"content":{"rendered":"\n<p>Per accedir a l&#8217;informaci\u00f3 del programa d&#8217;actes del Ajuntament de Rub\u00ed clica aqu\u00ed:  <a href=\"https:\/\/www.rubi.cat\/es\/temas\/diversidad-funcional\/dia-internacional-de-las-personas-con-diversidad-funcional\">DIA DE LA DIVERSITAT FUNCIONAL<\/a><\/p>\n","protected":false},"excerpt":{"rendered":"<p>Per accedir a l&#8217;informaci\u00f3 del programa d&#8217;actes del Ajuntament de Rub\u00ed clica aqu\u00ed: DIA DE LA DIVERSITAT FUNCIONAL<\/p>\n","protected":false},"author":1,"featured_media":0,"parent":0,"menu_order":0,"comment_status":"closed","ping_status":"closed","template":"","meta":{"om_disable_all_campaigns":false,"_monsterinsights_skip_tracking":false,"_monsterinsights_sitenote_active":false,"_monsterinsights_sitenote_note":"","_monsterinsights_sitenote_category":0,"footnotes":""},"class_list":["post-520","page","type-page","status-publish","hentry"],"_links":{"self":[{"href":"https:\/\/apdir.org\/index.php?rest_route=\/wp\/v2\/pages\/520","targetHints":{"allow":["GET"]}}],"collection":[{"href":"https:\/\/apdir.org\/index.php?rest_route=\/wp\/v2\/pages"}],"about":[{"href":"https:\/\/apdir.org\/index.php?rest_route=\/wp\/v2\/types\/page"}],"author":[{"embeddable":true,"href":"https:\/\/apdir.org\/index.php?rest_route=\/wp\/v2\/users\/1"}],"replies":[{"embeddable":true,"href":"https:\/\/apdir.org\/index.php?rest_route=%2Fwp%2Fv2%2Fcomments&post=520"}],"version-history":[{"count":1,"href":"https:\/\/apdir.org\/index.php?rest_route=\/wp\/v2\/pages\/520\/revisions"}],"predecessor-version":[{"id":521,"href":"https:\/\/apdir.org\/index.php?rest_route=\/wp\/v2\/pages\/520\/revisions\/521"}],"wp:attachment":[{"href":"https:\/\/apdir.org\/index.php?rest_route=%2Fwp%2Fv2%2Fmedia&parent=520"}],"curies":[{"name":"wp","href":"https:\/\/api.w.org\/{rel}","templated":true}]}}