{"id":51,"date":"2021-04-24T10:27:48","date_gmt":"2021-04-24T10:27:48","guid":{"rendered":"https:\/\/apdir.org\/?page_id=51"},"modified":"2021-12-09T10:47:11","modified_gmt":"2021-12-09T10:47:11","slug":"projecte-rubiclac","status":"publish","type":"page","link":"https:\/\/apdir.org\/?page_id=51","title":{"rendered":"PROJECTE RUB\u00cdCLAC"},"content":{"rendered":"\n<figure class=\"wp-block-image\"><img decoding=\"async\" src=\"https:\/\/www.rubi.cat\/fitxers\/imatges\/medi-ambient\/residus\/RECORREGUTOLI01.jpg\/@@images\/5825128a-4681-47c3-bc45-f415bb84ab70.jpeg\" alt=\"RECORREGUT OLI-01.jpg\" title=\"Recorregut de l'oli\"\/><\/figure>\n\n\n\n<p>\u00c9s un projecte gestionat per APDIR que, alhora que contribueix a la recollida selectiva d&#8217;aquest residu altament contaminant i evita la contaminaci\u00f3 de les aig\u00fces (amb el benefici mediambiental que aix\u00f2 comporta), genera llocs de treball per a persones amb diversitat intel\u00b7lectual residents a Rub\u00ed.<\/p>\n\n\n\n<h1 class=\"wp-block-heading\">Recollida d&#8217;oli usat<\/h1>\n\n\n\n<p>L&#8217;oli vegetal que emprem per cuinar no s\u2019ha de tirar mai per l\u2019aig\u00fcera, at\u00e8s el seu car\u00e0cter contaminant i la dificultat que representa eliminar-lo.<\/p>\n\n\n\n<h4 class=\"wp-block-heading\"><strong>Encara no tens un Claki?<\/strong><\/h4>\n\n\n\n<hr class=\"wp-block-separator\"\/>\n\n\n\n<p>El&nbsp;<strong>Claki<\/strong>&nbsp;\u00e9s un recipient de pl\u00e0stic dur i boca ampla, dissenyat especialment per poder-hi abocar l&#8217;oli directament de la paella i amb un tap de doble membrana que evita els vessaments indesitjats.<\/p>\n\n\n\n<p>Si encara no disposes del contenidor&nbsp;<strong>Claki<\/strong>, pots demanar-lo als seg\u00fcents punt d&#8217;intercanvi:*<\/p>\n\n\n\n<ul class=\"wp-block-list\"><li>Deixalleria municipal de Cova Solera<\/li><li>Deixalleria m\u00f2bil<\/li><li>Club Escola de Futbol Can Mir<\/li><li>Front\u00f3 de Can Tapis<\/li><li>Fruiteria La Bona Fruita<\/li><li>Associacions ve\u00efnals:<ul><li>Can Sol\u00e0<\/li><li>Sector D<\/li><li>Zona Nord<\/li><li>Centre c\u00edvic de Can Fatj\u00f3<\/li><\/ul><\/li><\/ul>\n\n\n\n<p>*Es repartiran fins a exhaurir exist\u00e8ncies.<\/p>\n\n\n\n<h4 class=\"wp-block-heading\"><strong>On pots portar l&#8217;oli de cuina usat?<\/strong><\/h4>\n\n\n\n<hr class=\"wp-block-separator\"\/>\n\n\n\n<h5 class=\"wp-block-heading\"><strong>Guarda l&#8217;oli usat i porta&#8217;l al punt de recollida<\/strong><\/h5>\n\n\n\n<p>L&#8217;oli de cuina que ja no es pot aprofitar, el pots abocar en un recipient i portar-lo a qualsevol de les&nbsp;<strong><a href=\"https:\/\/www.rubi.cat\/ca\/temes\/medi-ambient\/residus\/gestio-de-residus\/deixalleries\">deixalleries<\/a>&nbsp;<\/strong>&nbsp;de la ciutat dins del seu horari d&#8217;atenci\u00f3 a la ciutadania.<\/p>\n\n\n\n<p>Si disposes d&#8217;un contenidor&nbsp;<strong>Claki,<\/strong>&nbsp;un cop el tinguis ple, a m\u00e9s de les deixalleries el pots portar al punt de recollida m\u00e9s proper i et proporcionaran un altre de buit:<\/p>\n\n\n\n<ul class=\"wp-block-list\"><li><strong>Depend\u00e8ncies municipals<br><\/strong>Ajuntament, Biblioteca Mestre Mart\u00ed i Tauler, Rub\u00ed Forma, Serveis a les persones i Serveis territorials.<\/li><li><strong>Entitats i associacions<br><\/strong>El Club Escola de Futbol Can Mir, el Crac!&nbsp;el front\u00f3 de Can Tapis i la fruiteria La Bona Fruita, a Sant Jordi Parc, i les associacion ve\u00efnals:<ul><li>Ca n&#8217;Oriol<\/li><li>Portal de Ca n&#8217;Oriol<\/li><li>Can Sol\u00e0<\/li><li>Sector D<\/li><li>Zona Nord<\/li><li>Centre C\u00edvic de Can Fatj\u00f3<\/li><\/ul><\/li><li><strong>Escoles i instituts<\/strong><br>Tamb\u00e9 pots canviar Clakis plens per buits a la comunitat educativa de la que formis part. Participen del projecte totes les escoles i els instituts del municipi.&nbsp;Demana m\u00e9s informaci\u00f3 al teu centre educatiu sobre els dies i les ubicacions dels punts de recollida.<\/li><\/ul>\n\n\n\n<h5 class=\"wp-block-heading\"><strong>\u00a0Recuperem i reciclem l&#8217;oli de cuina usat<\/strong><\/h5>\n\n\n\n<p>El personal del projecte Rubiclak el recollir\u00e0 i s&#8217;encarregar\u00e0 de qu\u00e8 se sotmeti al tractament necessari perqu\u00e8 es recicli convertint-se en biodi\u00e8sel, un combustible que prov\u00e9 d&#8217;un recurs renovable i esdev\u00e9 menys contaminant que els combustibles f\u00f2ssils.<\/p>\n\n\n\n<h5 class=\"wp-block-heading\"><strong>Troba el punt d&#8217;intercanvi m\u00e9s proper<\/strong><\/h5>\n\n\n\n<p> <a href=\"https:\/\/www.google.com\/maps\/d\/u\/0\/embed?mid=1K5xyF2PQqc-hBd3zge9BKhwWIhHkoCRX&amp;ll=41.49919233150866%2C2.022996490307607&amp;z=13\">** CLICA AQU\u00cd **  <\/a> Aquest mapa \u00e9s interactiu. Pots modificar el zoom i moure&#8217;t per la seva superf\u00edcie. <\/p>\n\n\n\n<p>Trobar\u00e0s informacions adicionals a l&#8217;ubicaci\u00f3 dels punts clicant sobre ells i obrint el desplegable situat a l&#8217;extrem superior esquerra.<\/p>\n\n\n\n<hr class=\"wp-block-separator\"\/>\n\n\n\n<p>\u00a0\u00a0\u00a0<strong>L&#8217;oli abocat al medi natural t\u00e9 un greu impacte ambiental<\/strong><\/p>\n\n\n\n<p>L&#8217;oli vegetal que emprem per cuinar no s\u2019ha de tirar mai per l\u2019aig\u00fcera, at\u00e8s el seu car\u00e0cter contaminant i la dificultat que representa eliminar-lo.&nbsp;Quan llencem els olis al clavegueram van a parar a les estacions depuradores d\u2019aig\u00fces residuals, perjudicant el seu rendiment, ja que \u00e9s molt dif\u00edcil degradar l\u2019oli a les depuradores biol\u00f2giques. L\u2019oli de cuina genera espumes i elements en suspensi\u00f3 que dificulten la depuraci\u00f3 de l\u2019aigua.&nbsp;En cas que l\u2019oli arrib\u00e9s al riu, produiria un impacte molt negatiu en l\u2019ecosistema, ja que es crearia una fina capa superficial sobre els rius, que impedeix els intercanvis gasosos entre l\u2019aigua i l\u2019atmosfera, alterant el medi aqu\u00e0tic.<\/p>\n","protected":false},"excerpt":{"rendered":"<p>\u00c9s un projecte gestionat per APDIR que, alhora que contribueix a la recollida selectiva d&#8217;aquest residu altament contaminant i evita la contaminaci\u00f3 de les aig\u00fces &hellip;<\/p>\n","protected":false},"author":1,"featured_media":0,"parent":0,"menu_order":0,"comment_status":"closed","ping_status":"closed","template":"","meta":{"om_disable_all_campaigns":false,"_monsterinsights_skip_tracking":false,"_monsterinsights_sitenote_active":false,"_monsterinsights_sitenote_note":"","_monsterinsights_sitenote_category":0,"footnotes":""},"class_list":["post-51","page","type-page","status-publish","hentry"],"_links":{"self":[{"href":"https:\/\/apdir.org\/index.php?rest_route=\/wp\/v2\/pages\/51","targetHints":{"allow":["GET"]}}],"collection":[{"href":"https:\/\/apdir.org\/index.php?rest_route=\/wp\/v2\/pages"}],"about":[{"href":"https:\/\/apdir.org\/index.php?rest_route=\/wp\/v2\/types\/page"}],"author":[{"embeddable":true,"href":"https:\/\/apdir.org\/index.php?rest_route=\/wp\/v2\/users\/1"}],"replies":[{"embeddable":true,"href":"https:\/\/apdir.org\/index.php?rest_route=%2Fwp%2Fv2%2Fcomments&post=51"}],"version-history":[{"count":13,"href":"https:\/\/apdir.org\/index.php?rest_route=\/wp\/v2\/pages\/51\/revisions"}],"predecessor-version":[{"id":500,"href":"https:\/\/apdir.org\/index.php?rest_route=\/wp\/v2\/pages\/51\/revisions\/500"}],"wp:attachment":[{"href":"https:\/\/apdir.org\/index.php?rest_route=%2Fwp%2Fv2%2Fmedia&parent=51"}],"curies":[{"name":"wp","href":"https:\/\/api.w.org\/{rel}","templated":true}]}}